{"id":18,"date":"2020-11-22T16:01:05","date_gmt":"2020-11-22T16:01:05","guid":{"rendered":"https:\/\/blue-ocean.ch\/?page_id=18"},"modified":"2022-04-17T10:39:25","modified_gmt":"2022-04-17T09:39:25","slug":"about-me","status":"publish","type":"page","link":"https:\/\/blue-ocean.ch\/","title":{"rendered":"About me"},"content":{"rendered":"\n<div class=\"wp-block-image\"><figure class=\"aligncenter size-large is-resized\"><img loading=\"lazy\" src=\"https:\/\/blue-ocean.ch\/wp-content\/uploads\/2020\/11\/dom_cropped-1024x296.jpg\" alt=\"\" class=\"wp-image-379\" width=\"1166\" height=\"337\" srcset=\"https:\/\/blue-ocean.ch\/wp-content\/uploads\/2020\/11\/dom_cropped-1024x296.jpg 1024w, https:\/\/blue-ocean.ch\/wp-content\/uploads\/2020\/11\/dom_cropped-300x87.jpg 300w, https:\/\/blue-ocean.ch\/wp-content\/uploads\/2020\/11\/dom_cropped-768x222.jpg 768w, https:\/\/blue-ocean.ch\/wp-content\/uploads\/2020\/11\/dom_cropped-1536x443.jpg 1536w, https:\/\/blue-ocean.ch\/wp-content\/uploads\/2020\/11\/dom_cropped-2048x591.jpg 2048w\" sizes=\"(max-width: 1166px) 100vw, 1166px\" \/><\/figure><\/div>\n\n\n\n<p><strong>Dominik Roth<\/strong><\/p>\n\n\n\n<p class=\"has-medium-font-size\"><strong>Ob Bild, Video, Musik oder Ton &#8211; Gutes Storytelling bewegt die Menschen. <\/strong><\/p>\n\n\n\n<p>Als Digital Native war ich schon immer sehr interessiert an digitalen Medien und deren Trends. Im September 2020 habe ich schliesslich die Bachelor-Ausbildung zum Multimedia Produzenten abgeschlossen.<\/p>\n\n\n\n<p>Es wurde gezeichnet, gefilmt, programmiert, animiert und vorgetragen. Das Wichtigste dabei war aber immer das Storytelling. Besondere Geschichten dienen als zentrale Attraktion bei jeglichem Format, womit alle Zielgruppen erreicht werden k\u00f6nnen.<\/p>\n\n\n\n<p>Ich habe es mir zur Aufgabe gesetzt, besondere Geschichten zu erz\u00e4hlen und diese sowie filmisch als auch musikalisch zu pr\u00e4sentieren. Meine Erfahrungen und Projekte aus dem Studium und dem privaten Umfeld werden auf dieser Webseite aufgef\u00fchrt.<\/p>\n\n\n\n<ul class=\"wp-block-social-links\"><\/ul>\n\n\n\n<p><\/p>\n","protected":false},"excerpt":{"rendered":"<p>Dominik Roth Ob Bild, Video, Musik oder Ton &#8211; Gutes Storytelling bewegt die Menschen. Als Digital Native war ich schon immer sehr interessiert an digitalen Medien und deren Trends. Im September 2020 habe ich schliesslich die Bachelor-Ausbildung zum Multimedia Produzenten abgeschlossen. Es wurde gezeichnet, gefilmt, programmiert, animiert und vorgetragen. Das Wichtigste dabei war aber immer&hellip;<\/p>\n","protected":false},"author":1,"featured_media":0,"parent":0,"menu_order":0,"comment_status":"closed","ping_status":"closed","template":"","meta":{"ngg_post_thumbnail":0},"_links":{"self":[{"href":"https:\/\/blue-ocean.ch\/index.php\/wp-json\/wp\/v2\/pages\/18"}],"collection":[{"href":"https:\/\/blue-ocean.ch\/index.php\/wp-json\/wp\/v2\/pages"}],"about":[{"href":"https:\/\/blue-ocean.ch\/index.php\/wp-json\/wp\/v2\/types\/page"}],"author":[{"embeddable":true,"href":"https:\/\/blue-ocean.ch\/index.php\/wp-json\/wp\/v2\/users\/1"}],"replies":[{"embeddable":true,"href":"https:\/\/blue-ocean.ch\/index.php\/wp-json\/wp\/v2\/comments?post=18"}],"version-history":[{"count":12,"href":"https:\/\/blue-ocean.ch\/index.php\/wp-json\/wp\/v2\/pages\/18\/revisions"}],"predecessor-version":[{"id":405,"href":"https:\/\/blue-ocean.ch\/index.php\/wp-json\/wp\/v2\/pages\/18\/revisions\/405"}],"wp:attachment":[{"href":"https:\/\/blue-ocean.ch\/index.php\/wp-json\/wp\/v2\/media?parent=18"}],"curies":[{"name":"wp","href":"https:\/\/api.w.org\/{rel}","templated":true}]}}